{"id":3318,"date":"2023-12-11T17:54:18","date_gmt":"2023-12-11T15:54:18","guid":{"rendered":"https:\/\/www.rechbergrennen.co.at\/media\/press-2023\/"},"modified":"2024-11-22T12:55:31","modified_gmt":"2024-11-22T10:55:31","slug":"press-2023","status":"publish","type":"page","link":"https:\/\/www.rechbergrennen.co.at\/en\/archive-2023\/press-2023\/","title":{"rendered":"Press 2023"},"content":{"rendered":"\n<p class=\"has-medium-font-size\"><strong>Press office location<\/strong><\/p>\n\n<p class=\"has-normal-font-size\">Tulwitz municipal office<br\/>Tulwitz 52<br\/>8163 Fladnitz an der Teichalm<\/p>\n\n<p class=\"has-medium-font-size\"><strong>Opening hours<\/strong><\/p>\n\n<p>Friday\/Friday: 12.00 &#8211; 17.00<br\/>Saturday\/Saturday: 07.30 &#8211; 17.00<br\/>Sunday\/Sunday: 08.00 &#8211; 18.00<\/p>\n\n<div style=\"height:35px\" aria-hidden=\"true\" class=\"wp-block-spacer\"><\/div>\n\n<h2 class=\"wp-block-heading\" style=\"font-size:34px\">Press article for the Rechbergrennen 2023<\/h2>\n\n<p>All relevant press articles for the rechberg race 2023 can be found here! <\/p>\n\n<ul class=\"wp-block-list\">\n<li><a href=\"http:\/\/euromontagna.com\/gallery.php?id_race=6790&amp;lng=1\" target=\"_blank\" rel=\"noreferrer noopener\">Photos Rechbergrennen Grand Prix of Austria, Euromontagna<\/a><\/li>\n\n\n\n<li><a href=\"http:\/\/www.vrchy.com\/rechberg2023_report.php\" target=\"_blank\" rel=\"noreferrer noopener\">Rechbergu nov\u00fd kab\u00e1t slu\u0161el<\/a><\/li>\n\n\n\n<li><a href=\"https:\/\/www.fia.com\/multimedia\/video-gallery\/fia-european-hill-climb-championship-ehc-round-2-2023-rechberg-austria-0\" target=\"_blank\" rel=\"noreferrer noopener\">FIA EUROPEAN HILL CLIMB CHAMPIONSHIP &#8211; #EHC \u2013 ROUND 2 \u2013 2023 RECHBERG (AUSTRIA), FIA (c) TeamBeyou<\/a><\/li>\n\n\n\n<li><a href=\"https:\/\/www.fia.com\/multimedia\/video-gallery\/fia-european-hill-climb-championship-ehc-round-2-2023-rechberg-austria\" target=\"_blank\" rel=\"noreferrer noopener\">FIA EUROPEAN HILL CLIMB CHAMPIONSHIP &#8211; #EHC \u2013 ROUND 2 \u2013 2023 RECHBERG (AUSTRIA), FIA, (c) Lp Rallye 13<\/a><\/li>\n\n\n\n<li><a href=\"https:\/\/www.fia.com\/multimedia\/image-gallery\/fia-european-hill-climb-championship-ehc-round-2-2023-rechberg-aut\" target=\"_blank\" rel=\"noreferrer noopener\">FIA EUROPEAN HILL CLIMB CHAMPIONSHIP &#8211; #EHC \u2013 ROUND 2 \u2013 2023 RECHBERG (AUT), FIA (c) TeamBeyou<\/a><\/li>\n\n\n\n<li><a href=\"https:\/\/www.hillclimbfans.com\/2023\/04\/23\/97237\" target=\"_blank\" rel=\"noreferrer noopener\">J\u00f6rg Weidinger is back at the Rechberg!, HillClimbFans<\/a><\/li>\n\n\n\n<li><a href=\"https:\/\/www.krone.at\/2986598\" target=\"_blank\" rel=\"noreferrer noopener\">Legendary Rechbergrennen returns with record, Kronen Zeitung<\/a><\/li>\n\n\n\n<li><a href=\"https:\/\/www.hillclimbfans.com\/2023\/04\/07\/93477\">#1 Preview Rechbergrennen 2023, HillClimbFans<\/a><\/li>\n\n\n\n<li><a href=\"https:\/\/www.kleinezeitung.at\/sport\/motorsport\/dtm\/6278108\/Comeback-im-Motorsport_Das-neue-Rechbergrennen-soll-schnell\">The new Rechbergrennen should be fast, exciting and sustainable, Kleine Zeitung<\/a><\/li>\n\n\n\n<li><a href=\"https:\/\/www.motorline.cc\/motorsport\/2023\/Diverse\/Rechbergrennen-2023-Nennungsrekord-Spannende-Zahlen-zum-kommenden-Top-Event-267265.html\" target=\"_blank\" rel=\"noreferrer noopener\">Exciting figures for the upcoming top event, Motorline<\/a><\/li>\n\n\n\n<li><a href=\"https:\/\/www.motorline.cc\/motorsport\/2022\/Diverse\/Rechbergrennen-2023-Termin-fixiert-Von-28-bis-30-April-2023-gehts-rund-262962.html\" target=\"_blank\" rel=\"noreferrer noopener\">From April 28 to 30, 2023, it&#8217;s all go, Motorline<\/a><\/li>\n\n\n\n<li><a href=\"http:\/\/vrchy.com\/rechberg2023_preview.php\" target=\"_blank\" rel=\"noreferrer noopener\">P\u0159edstavujeme Rechberg 2023, Vrchy<\/a><\/li>\n\n\n\n<li><a href=\"https:\/\/www.antenne.at\/steiermark\/events\/rechbergrennen\">The only European mountain championship race in Austria, Antenne Steiermark<\/a><\/li>\n\n\n\n<li><a href=\"https:\/\/www.sp4ort.de\/2023\/03\/#8\">Motorsport and sustainability is dismantled at Rechberg, Sp4ort Page 04-09<\/a><\/li>\n\n\n\n<li><a href=\"https:\/\/www.rally-more.at\/at\/e-paper\/\">The mountain calls again! Page 46\/47<\/a><\/li>\n\n\n\n<li><a href=\"http:\/\/www.berg-meisterschaft.de\/?p=15490\">Rechbergrennen 2023 again as EM run at the start, mountain EM<\/a><\/li>\n\n\n\n<li><a href=\"https:\/\/www.hillclimbfans.com\/2022\/12\/21\/92080\">Rechbergrennen 2023 &#8211; date on 28-30 April is confirmed, hillclimb fans<\/a><\/li>\n\n\n\n<li><a href=\"https:\/\/www.hillclimbfans.com\/2022\/09\/20\/89936\">Rechbergrennen 2023 &#8211; The great comeback, hillclimb fans<\/a><\/li>\n\n\n\n<li><a href=\"http:\/\/www.berg-meisterschaft.de\/\">Rechbergrennen- The mountain classic in Styria is saved, mountain EM<\/a><\/li>\n\n\n\n<li><a href=\"https:\/\/www.kleinezeitung.at\/steiermark\/muerztal\/6253257\/Zusammenarbeit-fix_Muerztaler-Teegetraenk-Dsire-steigt-beim\">Rechbergrennen &#8211; Cooperation fixed: Dsire joins the Rechbergrennen<\/a><\/li>\n<\/ul>\n\n<div style=\"height:35px\" aria-hidden=\"true\" class=\"wp-block-spacer\"><\/div>\n\n<h2 class=\"wp-block-heading\">Press conference<\/h2>\n\n<figure class=\"wp-block-embed aligncenter is-type-video is-provider-youtube wp-block-embed-youtube wp-embed-aspect-16-9 wp-has-aspect-ratio\"><div class=\"wp-block-embed__wrapper\"> \n <div class=\"brlbs-cmpnt-container brlbs-cmpnt-content-blocker brlbs-cmpnt-with-individual-styles\" data-borlabs-cookie-content-blocker-id=\"youtube-content-blocker\" data-borlabs-cookie-content=\"PGlmcmFtZSB0aXRsZT0iUHJlc3Nla29uZmVyZW56IFJlY2hiZXJncmVubmVuIDIwMjMiIHdpZHRoPSI5ODAiIGhlaWdodD0iNTUxIiBzcmM9Imh0dHBzOi8vd3d3LnlvdXR1YmUtbm9jb29raWUuY29tL2VtYmVkL2RJbTI1Uk5ldm5JP2ZlYXR1cmU9b2VtYmVkIiBmcmFtZWJvcmRlcj0iMCIgYWxsb3c9ImFjY2VsZXJvbWV0ZXI7IGF1dG9wbGF5OyBjbGlwYm9hcmQtd3JpdGU7IGVuY3J5cHRlZC1tZWRpYTsgZ3lyb3Njb3BlOyBwaWN0dXJlLWluLXBpY3R1cmU7IHdlYi1zaGFyZSIgYWxsb3dmdWxsc2NyZWVuPjwvaWZyYW1lPg==\"><div class=\"brlbs-cmpnt-cb-preset-c brlbs-cmpnt-cb-youtube\"> <div class=\"brlbs-cmpnt-cb-thumbnail\" style=\"background-image: url('https:\/\/www.rechbergrennen.co.at\/wp-content\/uploads\/borlabs-cookie\/1\/yt_dIm25RNevnI_hqdefault.jpg')\"><\/div> <div class=\"brlbs-cmpnt-cb-main\"> <div class=\"brlbs-cmpnt-cb-play-button\"><\/div> <div class=\"brlbs-cmpnt-cb-content\"> <p class=\"brlbs-cmpnt-cb-description\">You are currently viewing a placeholder content from <strong>YouTube<\/strong>. To access the actual content, click the button below. Please note that doing so will share data with third-party providers.<\/p> <a class=\"brlbs-cmpnt-cb-provider-toggle\" href=\"#\" data-borlabs-cookie-show-provider-information role=\"button\">More Information<\/a> <\/div> <div class=\"brlbs-cmpnt-cb-buttons\"> <a class=\"brlbs-cmpnt-cb-btn\" href=\"#\" data-borlabs-cookie-unblock role=\"button\">Unblock content<\/a> <a class=\"brlbs-cmpnt-cb-btn\" href=\"#\" data-borlabs-cookie-accept-service role=\"button\" style=\"display: inherit\">Accept required service and unblock content<\/a> <\/div> <\/div> <\/div><\/div>\n <\/div><\/figure>\n","protected":false},"excerpt":{"rendered":"<p>Press office location Tulwitz municipal officeTulwitz 528163 Fladnitz an der Teichalm Opening hours Friday\/Friday: 12.00 &#8211; 17.00Saturday\/Saturday: 07.30 &#8211; 17.00Sunday\/Sunday: 08.00 &#8211; 18.00 Press article for the Rechbergrennen 2023 All relevant press articles for the rechberg race 2023 can be found here! Press conference<\/p>\n","protected":false},"author":2,"featured_media":0,"parent":3275,"menu_order":0,"comment_status":"closed","ping_status":"closed","template":"","meta":{"footnotes":""},"wf_page_folders":[],"class_list":["post-3318","page","type-page","status-publish","hentry"],"yoast_head":"<!-- This site is optimized with the Yoast SEO plugin v27.2 - https:\/\/yoast.com\/product\/yoast-seo-wordpress\/ -->\n<title>Press 2023 &#8211; Rechbergrennen<\/title>\n<meta name=\"description\" content=\"All relevant press articles for the Rechbergrennen 2023 can be found here! Rechbergrennen 2023 \ufe0f Spring 2023\" \/>\n<meta name=\"robots\" content=\"index, follow, max-snippet:-1, max-image-preview:large, max-video-preview:-1\" \/>\n<link rel=\"canonical\" href=\"https:\/\/www.rechbergrennen.co.at\/en\/archive-2023\/press-2023\/\" \/>\n<meta property=\"og:locale\" content=\"en_US\" \/>\n<meta property=\"og:type\" content=\"article\" \/>\n<meta property=\"og:title\" content=\"Press 2023 &#8211; Rechbergrennen\" \/>\n<meta property=\"og:description\" content=\"All relevant press articles for the Rechbergrennen 2023 can be found here! Rechbergrennen 2023 \ufe0f Spring 2023\" \/>\n<meta property=\"og:url\" content=\"https:\/\/www.rechbergrennen.co.at\/en\/archive-2023\/press-2023\/\" \/>\n<meta property=\"og:site_name\" content=\"Rechbergrennen\" \/>\n<meta property=\"article:publisher\" content=\"https:\/\/www.facebook.com\/officialrechbergrennen\" \/>\n<meta property=\"article:modified_time\" content=\"2024-11-22T10:55:31+00:00\" \/>\n<meta name=\"twitter:card\" content=\"summary_large_image\" \/>\n<meta name=\"twitter:label1\" content=\"Est. reading time\" \/>\n\t<meta name=\"twitter:data1\" content=\"2 minutes\" \/>\n<script type=\"application\/ld+json\" class=\"yoast-schema-graph\">{\"@context\":\"https:\/\/schema.org\",\"@graph\":[{\"@type\":\"WebPage\",\"@id\":\"https:\/\/www.rechbergrennen.co.at\/en\/archive-2023\/press-2023\/\",\"url\":\"https:\/\/www.rechbergrennen.co.at\/en\/archive-2023\/press-2023\/\",\"name\":\"Press 2023 &#8211; Rechbergrennen\",\"isPartOf\":{\"@id\":\"https:\/\/www.rechbergrennen.co.at\/en\/#website\"},\"datePublished\":\"2023-12-11T15:54:18+00:00\",\"dateModified\":\"2024-11-22T10:55:31+00:00\",\"description\":\"All relevant press articles for the Rechbergrennen 2023 can be found here! Rechbergrennen 2023 \ufe0f Spring 2023\",\"breadcrumb\":{\"@id\":\"https:\/\/www.rechbergrennen.co.at\/en\/archive-2023\/press-2023\/#breadcrumb\"},\"inLanguage\":\"en-US\",\"potentialAction\":[{\"@type\":\"ReadAction\",\"target\":[\"https:\/\/www.rechbergrennen.co.at\/en\/archive-2023\/press-2023\/\"]}]},{\"@type\":\"BreadcrumbList\",\"@id\":\"https:\/\/www.rechbergrennen.co.at\/en\/archive-2023\/press-2023\/#breadcrumb\",\"itemListElement\":[{\"@type\":\"ListItem\",\"position\":1,\"name\":\"Home\",\"item\":\"https:\/\/www.rechbergrennen.co.at\/en\/\"},{\"@type\":\"ListItem\",\"position\":2,\"name\":\"Archive 2023\",\"item\":\"https:\/\/www.rechbergrennen.co.at\/en\/archive-2023\/\"},{\"@type\":\"ListItem\",\"position\":3,\"name\":\"Press 2023\"}]},{\"@type\":\"WebSite\",\"@id\":\"https:\/\/www.rechbergrennen.co.at\/en\/#website\",\"url\":\"https:\/\/www.rechbergrennen.co.at\/en\/\",\"name\":\"Rechbergrennen\",\"description\":\"\",\"publisher\":{\"@id\":\"https:\/\/www.rechbergrennen.co.at\/en\/#organization\"},\"potentialAction\":[{\"@type\":\"SearchAction\",\"target\":{\"@type\":\"EntryPoint\",\"urlTemplate\":\"https:\/\/www.rechbergrennen.co.at\/en\/?s={search_term_string}\"},\"query-input\":{\"@type\":\"PropertyValueSpecification\",\"valueRequired\":true,\"valueName\":\"search_term_string\"}}],\"inLanguage\":\"en-US\"},{\"@type\":\"Organization\",\"@id\":\"https:\/\/www.rechbergrennen.co.at\/en\/#organization\",\"name\":\"Rechbergrennen\",\"url\":\"https:\/\/www.rechbergrennen.co.at\/en\/\",\"logo\":{\"@type\":\"ImageObject\",\"inLanguage\":\"en-US\",\"@id\":\"https:\/\/www.rechbergrennen.co.at\/en\/#\/schema\/logo\/image\/\",\"url\":\"https:\/\/www.rechbergrennen.co.at\/wp-content\/uploads\/2022\/11\/Rechbergrennen-Logo_klein-1.jpg\",\"contentUrl\":\"https:\/\/www.rechbergrennen.co.at\/wp-content\/uploads\/2022\/11\/Rechbergrennen-Logo_klein-1.jpg\",\"width\":1661,\"height\":1011,\"caption\":\"Rechbergrennen\"},\"image\":{\"@id\":\"https:\/\/www.rechbergrennen.co.at\/en\/#\/schema\/logo\/image\/\"},\"sameAs\":[\"https:\/\/www.facebook.com\/officialrechbergrennen\",\"https:\/\/www.instagram.com\/rechbergrennen\/\"]}]}<\/script>\n<!-- \/ Yoast SEO plugin. -->","yoast_head_json":{"title":"Press 2023 &#8211; Rechbergrennen","description":"All relevant press articles for the Rechbergrennen 2023 can be found here! Rechbergrennen 2023 \ufe0f Spring 2023","robots":{"index":"index","follow":"follow","max-snippet":"max-snippet:-1","max-image-preview":"max-image-preview:large","max-video-preview":"max-video-preview:-1"},"canonical":"https:\/\/www.rechbergrennen.co.at\/en\/archive-2023\/press-2023\/","og_locale":"en_US","og_type":"article","og_title":"Press 2023 &#8211; Rechbergrennen","og_description":"All relevant press articles for the Rechbergrennen 2023 can be found here! Rechbergrennen 2023 \ufe0f Spring 2023","og_url":"https:\/\/www.rechbergrennen.co.at\/en\/archive-2023\/press-2023\/","og_site_name":"Rechbergrennen","article_publisher":"https:\/\/www.facebook.com\/officialrechbergrennen","article_modified_time":"2024-11-22T10:55:31+00:00","twitter_card":"summary_large_image","twitter_misc":{"Est. reading time":"2 minutes"},"schema":{"@context":"https:\/\/schema.org","@graph":[{"@type":"WebPage","@id":"https:\/\/www.rechbergrennen.co.at\/en\/archive-2023\/press-2023\/","url":"https:\/\/www.rechbergrennen.co.at\/en\/archive-2023\/press-2023\/","name":"Press 2023 &#8211; Rechbergrennen","isPartOf":{"@id":"https:\/\/www.rechbergrennen.co.at\/en\/#website"},"datePublished":"2023-12-11T15:54:18+00:00","dateModified":"2024-11-22T10:55:31+00:00","description":"All relevant press articles for the Rechbergrennen 2023 can be found here! Rechbergrennen 2023 \ufe0f Spring 2023","breadcrumb":{"@id":"https:\/\/www.rechbergrennen.co.at\/en\/archive-2023\/press-2023\/#breadcrumb"},"inLanguage":"en-US","potentialAction":[{"@type":"ReadAction","target":["https:\/\/www.rechbergrennen.co.at\/en\/archive-2023\/press-2023\/"]}]},{"@type":"BreadcrumbList","@id":"https:\/\/www.rechbergrennen.co.at\/en\/archive-2023\/press-2023\/#breadcrumb","itemListElement":[{"@type":"ListItem","position":1,"name":"Home","item":"https:\/\/www.rechbergrennen.co.at\/en\/"},{"@type":"ListItem","position":2,"name":"Archive 2023","item":"https:\/\/www.rechbergrennen.co.at\/en\/archive-2023\/"},{"@type":"ListItem","position":3,"name":"Press 2023"}]},{"@type":"WebSite","@id":"https:\/\/www.rechbergrennen.co.at\/en\/#website","url":"https:\/\/www.rechbergrennen.co.at\/en\/","name":"Rechbergrennen","description":"","publisher":{"@id":"https:\/\/www.rechbergrennen.co.at\/en\/#organization"},"potentialAction":[{"@type":"SearchAction","target":{"@type":"EntryPoint","urlTemplate":"https:\/\/www.rechbergrennen.co.at\/en\/?s={search_term_string}"},"query-input":{"@type":"PropertyValueSpecification","valueRequired":true,"valueName":"search_term_string"}}],"inLanguage":"en-US"},{"@type":"Organization","@id":"https:\/\/www.rechbergrennen.co.at\/en\/#organization","name":"Rechbergrennen","url":"https:\/\/www.rechbergrennen.co.at\/en\/","logo":{"@type":"ImageObject","inLanguage":"en-US","@id":"https:\/\/www.rechbergrennen.co.at\/en\/#\/schema\/logo\/image\/","url":"https:\/\/www.rechbergrennen.co.at\/wp-content\/uploads\/2022\/11\/Rechbergrennen-Logo_klein-1.jpg","contentUrl":"https:\/\/www.rechbergrennen.co.at\/wp-content\/uploads\/2022\/11\/Rechbergrennen-Logo_klein-1.jpg","width":1661,"height":1011,"caption":"Rechbergrennen"},"image":{"@id":"https:\/\/www.rechbergrennen.co.at\/en\/#\/schema\/logo\/image\/"},"sameAs":["https:\/\/www.facebook.com\/officialrechbergrennen","https:\/\/www.instagram.com\/rechbergrennen\/"]}]}},"_links":{"self":[{"href":"https:\/\/www.rechbergrennen.co.at\/en\/wp-json\/wp\/v2\/pages\/3318","targetHints":{"allow":["GET"]}}],"collection":[{"href":"https:\/\/www.rechbergrennen.co.at\/en\/wp-json\/wp\/v2\/pages"}],"about":[{"href":"https:\/\/www.rechbergrennen.co.at\/en\/wp-json\/wp\/v2\/types\/page"}],"author":[{"embeddable":true,"href":"https:\/\/www.rechbergrennen.co.at\/en\/wp-json\/wp\/v2\/users\/2"}],"replies":[{"embeddable":true,"href":"https:\/\/www.rechbergrennen.co.at\/en\/wp-json\/wp\/v2\/comments?post=3318"}],"version-history":[{"count":3,"href":"https:\/\/www.rechbergrennen.co.at\/en\/wp-json\/wp\/v2\/pages\/3318\/revisions"}],"predecessor-version":[{"id":4877,"href":"https:\/\/www.rechbergrennen.co.at\/en\/wp-json\/wp\/v2\/pages\/3318\/revisions\/4877"}],"up":[{"embeddable":true,"href":"https:\/\/www.rechbergrennen.co.at\/en\/wp-json\/wp\/v2\/pages\/3275"}],"wp:attachment":[{"href":"https:\/\/www.rechbergrennen.co.at\/en\/wp-json\/wp\/v2\/media?parent=3318"}],"wp:term":[{"taxonomy":"wf_page_folders","embeddable":true,"href":"https:\/\/www.rechbergrennen.co.at\/en\/wp-json\/wp\/v2\/wf_page_folders?post=3318"}],"curies":[{"name":"wp","href":"https:\/\/api.w.org\/{rel}","templated":true}]}}